{"id":2,"date":"2022-06-20T00:33:04","date_gmt":"2022-06-20T00:33:04","guid":{"rendered":"http:\/\/hotelrosmar.com\/?page_id=2"},"modified":"2022-07-03T02:16:21","modified_gmt":"2022-07-03T02:16:21","slug":"reservas-engirardot","status":"publish","type":"page","link":"http:\/\/hotelrosmar.com\/","title":{"rendered":""},"content":{"rendered":"\n<div class=\"wp-block-columns is-layout-flex wp-container-core-columns-is-layout-9d6595d7 wp-block-columns-is-layout-flex\">\n<div class=\"wp-block-column is-layout-flow wp-block-column-is-layout-flow\" style=\"flex-basis:100%\">\n<h1 class=\"has-text-align-center wp-block-heading\">\u00a1Ahora somos pet friendly!<\/h1>\n<\/div>\n<\/div>\n\n\n\n<div class=\"wp-block-group alignwide\"><div class=\"wp-block-group__inner-container is-layout-flow wp-block-group-is-layout-flow\">\n<div class=\"wp-block-columns alignwide are-vertically-aligned-top is-layout-flex wp-container-core-columns-is-layout-9d6595d7 wp-block-columns-is-layout-flex\">\n<div class=\"wp-block-column is-layout-flow wp-block-column-is-layout-flow\" style=\"flex-basis:80%\">\n<div class=\"wp-block-columns alignwide are-vertically-aligned-top is-layout-flex wp-container-core-columns-is-layout-9d6595d7 wp-block-columns-is-layout-flex\">\n<div class=\"wp-block-column is-layout-flow wp-block-column-is-layout-flow\" style=\"flex-basis:85%\">\n<figure class=\"wp-block-image is-resized\"><img loading=\"lazy\" decoding=\"async\" src=\"http:\/\/hotelrosmar.com\/wp-content\/uploads\/2022\/06\/6-consideraciones-en-la-Arquitectura-Pet-Friendly-Turismo-1-1024x461.jpg\" alt=\"\" class=\"wp-image-101\" width=\"910\" height=\"409\" srcset=\"http:\/\/hotelrosmar.com\/wp-content\/uploads\/2022\/06\/6-consideraciones-en-la-Arquitectura-Pet-Friendly-Turismo-1-1024x461.jpg 1024w, http:\/\/hotelrosmar.com\/wp-content\/uploads\/2022\/06\/6-consideraciones-en-la-Arquitectura-Pet-Friendly-Turismo-1-300x135.jpg 300w, http:\/\/hotelrosmar.com\/wp-content\/uploads\/2022\/06\/6-consideraciones-en-la-Arquitectura-Pet-Friendly-Turismo-1-768x346.jpg 768w, http:\/\/hotelrosmar.com\/wp-content\/uploads\/2022\/06\/6-consideraciones-en-la-Arquitectura-Pet-Friendly-Turismo-1-1536x691.jpg 1536w, http:\/\/hotelrosmar.com\/wp-content\/uploads\/2022\/06\/6-consideraciones-en-la-Arquitectura-Pet-Friendly-Turismo-1.jpg 1600w\" sizes=\"auto, (max-width: 910px) 100vw, 910px\" \/><\/figure>\n\n\n\n<p style=\"font-size:30px\">Desde ahora puedes disfrutar de todos nuestros servicios en compa\u00f1\u00eda de tu mascota.<\/p>\n<\/div>\n<\/div>\n<\/div>\n<\/div>\n<\/div><\/div>\n\n\n\n<h2 class=\"wp-block-heading\">Recuerda nuestras Politicas de Cancelacion<\/h2>\n\n\n\n<ul class=\"wp-block-list\" style=\"font-size:26px\"><li>Bajo ninguna circunstancia se realiza reembolso total.<\/li><\/ul>\n\n\n\n<ul class=\"wp-block-list\" style=\"font-size:26px\"><li>Para obtener un reembolso del 50%, la cancelaci\u00f3n debe realizarse 3 d\u00edas antes de la fecha de llegada (no aplica a reservas de ultimo momento)<\/li><\/ul>\n\n\n\n<ul class=\"wp-block-list\" style=\"font-size:26px\"><li>El cliente tendr\u00e1 que pagar el precio total de la reserva si la habitaci\u00f3n fue marcada como&nbsp;no cancelable,&nbsp;no reembolsable (non-refundable), sin importar la fecha de cancelaci\u00f3n.<\/li><\/ul>\n\n\n\n<p> <\/p>\n\n\n\n<div class=\"wp-block-group\"><div class=\"wp-block-group__inner-container is-layout-flow wp-block-group-is-layout-flow\"><\/div><\/div>\n","protected":false},"excerpt":{"rendered":"<p>\u00a1Ahora somos pet friendly! Desde ahora puedes disfrutar de todos nuestros servicios en compa\u00f1\u00eda de tu mascota. Recuerda nuestras Politicas de Cancelacion Bajo ninguna circunstancia se realiza reembolso total. Para obtener un reembolso del 50%, la cancelaci\u00f3n debe realizarse 3 d\u00edas antes de la fecha de llegada (no aplica a reservas de ultimo momento) El [&hellip;]<\/p>\n","protected":false},"author":1,"featured_media":0,"parent":0,"menu_order":0,"comment_status":"closed","ping_status":"closed","template":"","meta":{"footnotes":""},"class_list":["post-2","page","type-page","status-publish","hentry"],"_links":{"self":[{"href":"http:\/\/hotelrosmar.com\/index.php?rest_route=\/wp\/v2\/pages\/2","targetHints":{"allow":["GET"]}}],"collection":[{"href":"http:\/\/hotelrosmar.com\/index.php?rest_route=\/wp\/v2\/pages"}],"about":[{"href":"http:\/\/hotelrosmar.com\/index.php?rest_route=\/wp\/v2\/types\/page"}],"author":[{"embeddable":true,"href":"http:\/\/hotelrosmar.com\/index.php?rest_route=\/wp\/v2\/users\/1"}],"replies":[{"embeddable":true,"href":"http:\/\/hotelrosmar.com\/index.php?rest_route=%2Fwp%2Fv2%2Fcomments&post=2"}],"version-history":[{"count":21,"href":"http:\/\/hotelrosmar.com\/index.php?rest_route=\/wp\/v2\/pages\/2\/revisions"}],"predecessor-version":[{"id":116,"href":"http:\/\/hotelrosmar.com\/index.php?rest_route=\/wp\/v2\/pages\/2\/revisions\/116"}],"wp:attachment":[{"href":"http:\/\/hotelrosmar.com\/index.php?rest_route=%2Fwp%2Fv2%2Fmedia&parent=2"}],"curies":[{"name":"wp","href":"https:\/\/api.w.org\/{rel}","templated":true}]}}